{"id":353,"date":"2025-12-06T22:27:09","date_gmt":"2025-12-06T21:27:09","guid":{"rendered":"https:\/\/asv-sportfischer-leipzig.de\/?page_id=353"},"modified":"2025-12-08T21:19:19","modified_gmt":"2025-12-08T20:19:19","slug":"termine-2026","status":"publish","type":"page","link":"https:\/\/asv-sportfischer-leipzig.de\/","title":{"rendered":"Termine 2026"},"content":{"rendered":"\t\t<div data-elementor-type=\"wp-page\" data-elementor-id=\"353\" class=\"elementor elementor-353\">\n\t\t\t\t\t\t<section class=\"elementor-section elementor-top-section elementor-element elementor-element-147603f elementor-section-boxed elementor-section-height-default elementor-section-height-default\" data-id=\"147603f\" data-element_type=\"section\">\n\t\t\t\t\t\t<div class=\"elementor-container elementor-column-gap-default\">\n\t\t\t\t\t<div class=\"elementor-column elementor-col-100 elementor-top-column elementor-element elementor-element-5919056\" data-id=\"5919056\" data-element_type=\"column\">\n\t\t\t<div class=\"elementor-widget-wrap elementor-element-populated\">\n\t\t\t\t\t\t<div class=\"elementor-element elementor-element-3ab7da2 elementor-widget elementor-widget-text-editor\" data-id=\"3ab7da2\" data-element_type=\"widget\" data-widget_type=\"text-editor.default\">\n\t\t\t\t\t\t\t\t\t<h2>TERMINE 2026<\/h2>\n<h2>VERSAMMLUNGEN | BEGINN 19 UHR<\/h2>\n<p style=\"text-align: center;\">Donnerstag, den 10.12.26 Jahreshauptversammlung 2026<br>im Gasthof Althen in 04319 Leipzig OT Althen.<\/p>\n<h2>ARBEITSEINS\u00c4TZE<\/h2>\n<p style=\"text-align: center;\">Schwanenteich Borsdorf L08-133, (beide Teiche)<br>\u2013 Sonntag, 12.04.2026, Treff 9 Uhr<\/p>\n<p style=\"text-align: center;\">Schachtloch Altenbach L08-124<br>\u2013 Sonntag, 13.09.2026, Treff 9 Uhr<\/p>\n<p style=\"text-align: center;\">Schwanenteich Borsdorf L08-133, (beide Teiche)<br>\u2013 Sonntag, 11.10.2026, Treff 9 Uhr<br>Umwelttag des LVSA<\/p>\n<p style=\"text-align: center;\"><strong><u>INFO:<br><\/u><\/strong><i>In unserem Verein sind 3 Stunden Arbeitseinsatz Pflicht. Wer diese nicht leisten kann,<br>zahlt 40 \u20ac in die Vereinskasse. Rentner und Jugendliche sind von diesem Betrag befreit.<\/i><\/p>\n<h4>ACHTUNG: Zu allen Arbeitseins\u00e4tzen und Vereinsaktivit\u00e4ten <br>&nbsp;&nbsp;&nbsp;&nbsp;&nbsp;&nbsp;&nbsp;&nbsp;&nbsp;&nbsp;&nbsp;&nbsp;&nbsp;&nbsp;&nbsp;&nbsp;&nbsp;&nbsp;&nbsp;&nbsp; bitte eigenes Geschirr mitbringen!<\/h4>\n<div>&nbsp;<\/div>\n<h2>VEREINSAKTIVIT\u00c4TEN<\/h2>\t\t\t\t\t\t\t\t<\/div>\n\t\t\t\t\t<\/div>\n\t\t<\/div>\n\t\t\t\t\t<\/div>\n\t\t<\/section>\n\t\t\t\t<section class=\"elementor-section elementor-top-section elementor-element elementor-element-6b945e8 elementor-section-boxed elementor-section-height-default elementor-section-height-default\" data-id=\"6b945e8\" data-element_type=\"section\">\n\t\t\t\t\t\t<div class=\"elementor-container elementor-column-gap-default\">\n\t\t\t\t\t<div class=\"elementor-column elementor-col-50 elementor-top-column elementor-element elementor-element-cd9ce90\" data-id=\"cd9ce90\" data-element_type=\"column\">\n\t\t\t<div class=\"elementor-widget-wrap elementor-element-populated\">\n\t\t\t\t\t\t<div class=\"elementor-element elementor-element-9bb6972 elementor-widget elementor-widget-google_maps\" data-id=\"9bb6972\" data-element_type=\"widget\" data-widget_type=\"google_maps.default\">\n\t\t\t\t\t\t\t<div class=\"elementor-custom-embed\">\n\t\t\t<iframe loading=\"lazy\"\n\t\t\t\t\tsrc=\"https:\/\/maps.google.com\/maps?q=Schwanenteich%2C%2004451%20Borsdorf%20Deutschland&#038;t=m&#038;z=15&#038;output=embed&#038;iwloc=near\"\n\t\t\t\t\ttitle=\"Schwanenteich, 04451 Borsdorf Deutschland\"\n\t\t\t\t\taria-label=\"Schwanenteich, 04451 Borsdorf Deutschland\"\n\t\t\t><\/iframe>\n\t\t<\/div>\n\t\t\t\t\t\t<\/div>\n\t\t\t\t\t<\/div>\n\t\t<\/div>\n\t\t\t\t<div class=\"elementor-column elementor-col-50 elementor-top-column elementor-element elementor-element-51eb875\" data-id=\"51eb875\" data-element_type=\"column\">\n\t\t\t<div class=\"elementor-widget-wrap elementor-element-populated\">\n\t\t\t\t\t\t<div class=\"elementor-element elementor-element-4221dc3 elementor-widget__width-initial elementor-widget elementor-widget-text-editor\" data-id=\"4221dc3\" data-element_type=\"widget\" data-widget_type=\"text-editor.default\">\n\t\t\t\t\t\t\t\t\t<p><strong><u>ANANGELN<\/u><\/strong><br \/>\u2013 Sonntag, 19.04.2026, Treff 8.30 Uhr, Beginn 9 Uhr<br \/>\u2013 traditionell: Schwanenteich Borsdorf L08-133<\/p>\t\t\t\t\t\t\t\t<\/div>\n\t\t\t\t\t<\/div>\n\t\t<\/div>\n\t\t\t\t\t<\/div>\n\t\t<\/section>\n\t\t\t\t<section class=\"elementor-section elementor-top-section elementor-element elementor-element-ec18862 elementor-section-boxed elementor-section-height-default elementor-section-height-default\" data-id=\"ec18862\" data-element_type=\"section\">\n\t\t\t\t\t\t<div class=\"elementor-container elementor-column-gap-default\">\n\t\t\t\t\t<div class=\"elementor-column elementor-col-50 elementor-top-column elementor-element elementor-element-5e2d83f\" data-id=\"5e2d83f\" data-element_type=\"column\">\n\t\t\t<div class=\"elementor-widget-wrap elementor-element-populated\">\n\t\t\t\t\t\t<div class=\"elementor-element elementor-element-c394b10 elementor-widget__width-initial elementor-widget elementor-widget-text-editor\" data-id=\"c394b10\" data-element_type=\"widget\" data-widget_type=\"text-editor.default\">\n\t\t\t\t\t\t\t\t\t<p><strong><u>KARPFENK\u00d6NIGSFISCHEN der Jugend AV Leipzig<\/u><\/strong><br \/>\u2013 Sonntag, 31.05.2026, genauere\u00a0 Info folgt noch<br \/>\u2013 Angelpark Deuben L08-156\/157<br \/>\u2013 Anmeldung \u00fcber Birgit<\/p>\t\t\t\t\t\t\t\t<\/div>\n\t\t\t\t\t<\/div>\n\t\t<\/div>\n\t\t\t\t<div class=\"elementor-column elementor-col-50 elementor-top-column elementor-element elementor-element-6a0747b\" data-id=\"6a0747b\" data-element_type=\"column\">\n\t\t\t<div class=\"elementor-widget-wrap elementor-element-populated\">\n\t\t\t\t\t\t<div class=\"elementor-element elementor-element-34782fc elementor-widget elementor-widget-google_maps\" data-id=\"34782fc\" data-element_type=\"widget\" data-widget_type=\"google_maps.default\">\n\t\t\t\t\t\t\t<div class=\"elementor-custom-embed\">\n\t\t\t<iframe loading=\"lazy\"\n\t\t\t\t\tsrc=\"https:\/\/maps.google.com\/maps?q=Deubener%20Tonteiche%2C%2004828%20Bennewitz&#038;t=m&#038;z=14&#038;output=embed&#038;iwloc=near\"\n\t\t\t\t\ttitle=\"Deubener Tonteiche, 04828 Bennewitz\"\n\t\t\t\t\taria-label=\"Deubener Tonteiche, 04828 Bennewitz\"\n\t\t\t><\/iframe>\n\t\t<\/div>\n\t\t\t\t\t\t<\/div>\n\t\t\t\t\t<\/div>\n\t\t<\/div>\n\t\t\t\t\t<\/div>\n\t\t<\/section>\n\t\t\t\t<section class=\"elementor-section elementor-top-section elementor-element elementor-element-87dbd8d elementor-section-boxed elementor-section-height-default elementor-section-height-default\" data-id=\"87dbd8d\" data-element_type=\"section\">\n\t\t\t\t\t\t<div class=\"elementor-container elementor-column-gap-default\">\n\t\t\t\t\t<div class=\"elementor-column elementor-col-50 elementor-top-column elementor-element elementor-element-0f996da\" data-id=\"0f996da\" data-element_type=\"column\">\n\t\t\t<div class=\"elementor-widget-wrap elementor-element-populated\">\n\t\t\t\t\t\t<div class=\"elementor-element elementor-element-14a7a7e elementor-widget elementor-widget-google_maps\" data-id=\"14a7a7e\" data-element_type=\"widget\" data-widget_type=\"google_maps.default\">\n\t\t\t\t\t\t\t<div class=\"elementor-custom-embed\">\n\t\t\t<iframe loading=\"lazy\"\n\t\t\t\t\tsrc=\"https:\/\/maps.google.com\/maps?q=leipziger%20Fischwelt&#038;t=m&#038;z=15&#038;output=embed&#038;iwloc=near\"\n\t\t\t\t\ttitle=\"leipziger Fischwelt\"\n\t\t\t\t\taria-label=\"leipziger Fischwelt\"\n\t\t\t><\/iframe>\n\t\t<\/div>\n\t\t\t\t\t\t<\/div>\n\t\t\t\t\t<\/div>\n\t\t<\/div>\n\t\t\t\t<div class=\"elementor-column elementor-col-50 elementor-top-column elementor-element elementor-element-597948d\" data-id=\"597948d\" data-element_type=\"column\">\n\t\t\t<div class=\"elementor-widget-wrap elementor-element-populated\">\n\t\t\t\t\t\t<div class=\"elementor-element elementor-element-1b58a61 elementor-widget elementor-widget-text-editor\" data-id=\"1b58a61\" data-element_type=\"widget\" data-widget_type=\"text-editor.default\">\n\t\t\t\t\t\t\t\t\t<p><strong><u>TREFF IN DER LEIPZIGER FISCHWELT <br \/><\/u><\/strong>zum Erfahrungsaustausch, Sortieren und Reparieren von Angelger\u00e4ten der Jugendgruppe sowie Tausch und Tr\u00f6delb\u00f6rse<br \/>\u2013 Sonntag, 14.06.26.,\u00a0 10 &#8211; 13 Uhr<\/p>\t\t\t\t\t\t\t\t<\/div>\n\t\t\t\t\t<\/div>\n\t\t<\/div>\n\t\t\t\t\t<\/div>\n\t\t<\/section>\n\t\t\t\t<section class=\"elementor-section elementor-top-section elementor-element elementor-element-8205eaa elementor-section-boxed elementor-section-height-default elementor-section-height-default\" data-id=\"8205eaa\" data-element_type=\"section\">\n\t\t\t\t\t\t<div class=\"elementor-container elementor-column-gap-default\">\n\t\t\t\t\t<div class=\"elementor-column elementor-col-50 elementor-top-column elementor-element elementor-element-409d9b7\" data-id=\"409d9b7\" data-element_type=\"column\">\n\t\t\t<div class=\"elementor-widget-wrap elementor-element-populated\">\n\t\t\t\t\t\t<div class=\"elementor-element elementor-element-e81aa6d elementor-widget elementor-widget-text-editor\" data-id=\"e81aa6d\" data-element_type=\"widget\" data-widget_type=\"text-editor.default\">\n\t\t\t\t\t\t\t\t\t<p><strong><u>JUGENDANGELFERIENLAGER DES AVL<\/u><\/strong><br \/>\u2013 Donnerstag 09.07. &#8211; Sonntag, 12.07.2026<br \/>\u2013 in Westewitz bei D\u00f6beln<br \/>&#8211;\u00a0 Anmeldung \u00fcber Birgit<\/p>\t\t\t\t\t\t\t\t<\/div>\n\t\t\t\t\t<\/div>\n\t\t<\/div>\n\t\t\t\t<div class=\"elementor-column elementor-col-50 elementor-top-column elementor-element elementor-element-1e0b051\" data-id=\"1e0b051\" data-element_type=\"column\">\n\t\t\t<div class=\"elementor-widget-wrap elementor-element-populated\">\n\t\t\t\t\t\t<div class=\"elementor-element elementor-element-8701326 elementor-widget elementor-widget-google_maps\" data-id=\"8701326\" data-element_type=\"widget\" data-widget_type=\"google_maps.default\">\n\t\t\t\t\t\t\t<div class=\"elementor-custom-embed\">\n\t\t\t<iframe loading=\"lazy\"\n\t\t\t\t\tsrc=\"https:\/\/maps.google.com\/maps?q=Westewitz%2C%20Deutschland&#038;t=m&#038;z=13&#038;output=embed&#038;iwloc=near\"\n\t\t\t\t\ttitle=\"Westewitz, Deutschland\"\n\t\t\t\t\taria-label=\"Westewitz, Deutschland\"\n\t\t\t><\/iframe>\n\t\t<\/div>\n\t\t\t\t\t\t<\/div>\n\t\t\t\t\t<\/div>\n\t\t<\/div>\n\t\t\t\t\t<\/div>\n\t\t<\/section>\n\t\t\t\t<section class=\"elementor-section elementor-top-section elementor-element elementor-element-776b840 elementor-section-boxed elementor-section-height-default elementor-section-height-default\" data-id=\"776b840\" data-element_type=\"section\">\n\t\t\t\t\t\t<div class=\"elementor-container elementor-column-gap-default\">\n\t\t\t\t\t<div class=\"elementor-column elementor-col-50 elementor-top-column elementor-element elementor-element-ae98c58\" data-id=\"ae98c58\" data-element_type=\"column\">\n\t\t\t<div class=\"elementor-widget-wrap elementor-element-populated\">\n\t\t\t\t\t\t<div class=\"elementor-element elementor-element-31a3d64 elementor-widget elementor-widget-google_maps\" data-id=\"31a3d64\" data-element_type=\"widget\" data-widget_type=\"google_maps.default\">\n\t\t\t\t\t\t\t<div class=\"elementor-custom-embed\">\n\t\t\t<iframe loading=\"lazy\"\n\t\t\t\t\tsrc=\"https:\/\/maps.google.com\/maps?q=Damaschkestra%C3%9Fe%20wurzen%2C%20Deutschland&#038;t=m&#038;z=15&#038;output=embed&#038;iwloc=near\"\n\t\t\t\t\ttitle=\"Damaschkestra\u00dfe wurzen, Deutschland\"\n\t\t\t\t\taria-label=\"Damaschkestra\u00dfe wurzen, Deutschland\"\n\t\t\t><\/iframe>\n\t\t<\/div>\n\t\t\t\t\t\t<\/div>\n\t\t\t\t\t<\/div>\n\t\t<\/div>\n\t\t\t\t<div class=\"elementor-column elementor-col-50 elementor-top-column elementor-element elementor-element-45465e9\" data-id=\"45465e9\" data-element_type=\"column\">\n\t\t\t<div class=\"elementor-widget-wrap elementor-element-populated\">\n\t\t\t\t\t\t<div class=\"elementor-element elementor-element-fa9128d elementor-widget elementor-widget-text-editor\" data-id=\"fa9128d\" data-element_type=\"widget\" data-widget_type=\"text-editor.default\">\n\t\t\t\t\t\t\t\t\t<p><strong><u>NACHTANGELN<\/u><\/strong><\/p><p>&#8211; Sa\/So 22.-23.08.2026<br \/>&#8211; Mulde in Wurzen (Zufahrt \u00fcber Damaschkestra\u00dfe)<br \/>&#8211; Teilnahme ab 16 Jahre, Kinder nur nach Abstimmung mit Jugendwarten<\/p>\t\t\t\t\t\t\t\t<\/div>\n\t\t\t\t\t<\/div>\n\t\t<\/div>\n\t\t\t\t\t<\/div>\n\t\t<\/section>\n\t\t\t\t<section class=\"elementor-section elementor-top-section elementor-element elementor-element-228b586 elementor-section-boxed elementor-section-height-default elementor-section-height-default\" data-id=\"228b586\" data-element_type=\"section\">\n\t\t\t\t\t\t<div class=\"elementor-container elementor-column-gap-default\">\n\t\t\t\t\t<div class=\"elementor-column elementor-col-50 elementor-top-column elementor-element elementor-element-f314e0a\" data-id=\"f314e0a\" data-element_type=\"column\">\n\t\t\t<div class=\"elementor-widget-wrap elementor-element-populated\">\n\t\t\t\t\t\t<div class=\"elementor-element elementor-element-bda0a13 elementor-widget elementor-widget-text-editor\" data-id=\"bda0a13\" data-element_type=\"widget\" data-widget_type=\"text-editor.default\">\n\t\t\t\t\t\t\t\t\t<p><u><strong>ABANGELN DER JUGEND<\/strong><br \/><\/u><u>(<\/u><i>gemeinsam mit den Eltern<\/i><u>):<\/u><br \/>\u2013 Sonntag, 11.10.2026, \u00a0Treff 8:30 Uhr, Beginn 9 Uhr<br \/>\u2013 Jugendgew\u00e4sser Borsdorfer Schwanenteich L08-133<\/p>\t\t\t\t\t\t\t\t<\/div>\n\t\t\t\t\t<\/div>\n\t\t<\/div>\n\t\t\t\t<div class=\"elementor-column elementor-col-50 elementor-top-column elementor-element elementor-element-74a1119\" data-id=\"74a1119\" data-element_type=\"column\">\n\t\t\t<div class=\"elementor-widget-wrap elementor-element-populated\">\n\t\t\t\t\t\t<div class=\"elementor-element elementor-element-5c4c452 elementor-widget elementor-widget-google_maps\" data-id=\"5c4c452\" data-element_type=\"widget\" data-widget_type=\"google_maps.default\">\n\t\t\t\t\t\t\t<div class=\"elementor-custom-embed\">\n\t\t\t<iframe loading=\"lazy\"\n\t\t\t\t\tsrc=\"https:\/\/maps.google.com\/maps?q=schwanenteich%2C%2004451%20Borsdorf%2C%20Deutschland&#038;t=m&#038;z=15&#038;output=embed&#038;iwloc=near\"\n\t\t\t\t\ttitle=\"schwanenteich, 04451 Borsdorf, Deutschland\"\n\t\t\t\t\taria-label=\"schwanenteich, 04451 Borsdorf, Deutschland\"\n\t\t\t><\/iframe>\n\t\t<\/div>\n\t\t\t\t\t\t<\/div>\n\t\t\t\t\t<\/div>\n\t\t<\/div>\n\t\t\t\t\t<\/div>\n\t\t<\/section>\n\t\t\t\t<section class=\"elementor-section elementor-top-section elementor-element elementor-element-024ebeb elementor-section-boxed elementor-section-height-default elementor-section-height-default\" data-id=\"024ebeb\" data-element_type=\"section\">\n\t\t\t\t\t\t<div class=\"elementor-container elementor-column-gap-default\">\n\t\t\t\t\t<div class=\"elementor-column elementor-col-50 elementor-top-column elementor-element elementor-element-71b7230\" data-id=\"71b7230\" data-element_type=\"column\">\n\t\t\t<div class=\"elementor-widget-wrap elementor-element-populated\">\n\t\t\t\t\t\t<div class=\"elementor-element elementor-element-d0f7a81 elementor-widget elementor-widget-google_maps\" data-id=\"d0f7a81\" data-element_type=\"widget\" data-widget_type=\"google_maps.default\">\n\t\t\t\t\t\t\t<div class=\"elementor-custom-embed\">\n\t\t\t<iframe loading=\"lazy\"\n\t\t\t\t\tsrc=\"https:\/\/maps.google.com\/maps?q=Deubener%20Tonteiche%2C%2004828%2C%20Deutschland&#038;t=m&#038;z=14&#038;output=embed&#038;iwloc=near\"\n\t\t\t\t\ttitle=\"Deubener Tonteiche, 04828, Deutschland\"\n\t\t\t\t\taria-label=\"Deubener Tonteiche, 04828, Deutschland\"\n\t\t\t><\/iframe>\n\t\t<\/div>\n\t\t\t\t\t\t<\/div>\n\t\t\t\t\t<\/div>\n\t\t<\/div>\n\t\t\t\t<div class=\"elementor-column elementor-col-50 elementor-top-column elementor-element elementor-element-db3208a\" data-id=\"db3208a\" data-element_type=\"column\">\n\t\t\t<div class=\"elementor-widget-wrap elementor-element-populated\">\n\t\t\t\t\t\t<div class=\"elementor-element elementor-element-4538833 elementor-widget elementor-widget-text-editor\" data-id=\"4538833\" data-element_type=\"widget\" data-widget_type=\"text-editor.default\">\n\t\t\t\t\t\t\t\t\t<p><strong><u>ABANGELN<\/u><\/strong><br \/>\u2013 Sonntag, 18.10.2026, Treff 8.30 Uhr, Beginn 9 Uhr<br \/>\u2013 Angelpark Deuben\u00a0 L08-156\/157<\/p>\t\t\t\t\t\t\t\t<\/div>\n\t\t\t\t\t<\/div>\n\t\t<\/div>\n\t\t\t\t\t<\/div>\n\t\t<\/section>\n\t\t\t\t<section class=\"elementor-section elementor-top-section elementor-element elementor-element-972bbca elementor-section-boxed elementor-section-height-default elementor-section-height-default\" data-id=\"972bbca\" data-element_type=\"section\">\n\t\t\t\t\t\t<div class=\"elementor-container elementor-column-gap-default\">\n\t\t\t\t\t<div class=\"elementor-column elementor-col-100 elementor-top-column elementor-element elementor-element-42e0fc1\" data-id=\"42e0fc1\" data-element_type=\"column\">\n\t\t\t<div class=\"elementor-widget-wrap elementor-element-populated\">\n\t\t\t\t\t\t<div class=\"elementor-element elementor-element-65dbe9c elementor-widget elementor-widget-text-editor\" data-id=\"65dbe9c\" data-element_type=\"widget\" data-widget_type=\"text-editor.default\">\n\t\t\t\t\t\t\t\t\t<div><b>Mai &#8211; September&nbsp; &nbsp; Angeln der Jugendgruppe &#8211; Schwanenteich Borsdorf L 08-133, Treff 9 Uhr<\/b><\/div><div>Unsere Jugendwarte Paul und Leander werden monatliche Angeltermine anbieten.<br>Unser Wanderpokal-Fischen &#8222;FischFischen&#8220; findet ebenfalls am Schwanenteich Borsdorf L 08-133<br>im Juni statt.<br><\/div><p>&nbsp; &nbsp; &nbsp; &nbsp; &nbsp; &nbsp; &nbsp; &nbsp; &nbsp; &nbsp; &nbsp; &nbsp; &nbsp; &nbsp; &nbsp; &nbsp;<b> Diese Termine werden rechtzeitig bekannt gegeben.<\/b><\/p>\t\t\t\t\t\t\t\t<\/div>\n\t\t\t\t\t<\/div>\n\t\t<\/div>\n\t\t\t\t\t<\/div>\n\t\t<\/section>\n\t\t\t\t<section class=\"elementor-section elementor-top-section elementor-element elementor-element-98c40ca elementor-section-boxed elementor-section-height-default elementor-section-height-default\" data-id=\"98c40ca\" data-element_type=\"section\">\n\t\t\t\t\t\t<div class=\"elementor-container elementor-column-gap-default\">\n\t\t\t\t\t<div class=\"elementor-column elementor-col-100 elementor-top-column elementor-element elementor-element-4843811\" data-id=\"4843811\" data-element_type=\"column\">\n\t\t\t<div class=\"elementor-widget-wrap elementor-element-populated\">\n\t\t\t\t\t\t<div class=\"elementor-element elementor-element-c77e0b6 elementor-widget elementor-widget-text-editor\" data-id=\"c77e0b6\" data-element_type=\"widget\" data-widget_type=\"text-editor.default\">\n\t\t\t\t\t\t\t\t\t<p>Zu allen Veranstaltungen informieren wir hier und per Mail. Deshalb bitte immer die aktuelle Mail-Adresse mitteilen. Danke!<\/p><div>\u00a0<\/div><div>\u00a0<\/div>\t\t\t\t\t\t\t\t<\/div>\n\t\t\t\t\t<\/div>\n\t\t<\/div>\n\t\t\t\t\t<\/div>\n\t\t<\/section>\n\t\t\t\t<\/div>\n\t\t","protected":false},"excerpt":{"rendered":"<p>TERMINE 2026 VERSAMMLUNGEN | BEGINN 19 UHR Donnerstag, den 10.12.26 Jahreshauptversammlung 2026im Gasthof Althen in 04319 Leipzig OT Althen. ARBEITSEINS\u00c4TZE Schwanenteich Borsdorf L08-133, (beide Teiche)\u2013 Sonntag, 12.04.2026, Treff 9 Uhr Schachtloch Altenbach L08-124\u2013 Sonntag, 13.09.2026, Treff 9 Uhr Schwanenteich Borsdorf L08-133, (beide Teiche)\u2013 Sonntag, 11.10.2026, Treff 9 UhrUmwelttag des LVSA INFO:In unserem Verein sind 3 [&hellip;]<\/p>\n","protected":false},"author":1,"featured_media":0,"parent":0,"menu_order":0,"comment_status":"closed","ping_status":"closed","template":"","meta":{"footnotes":""},"class_list":["post-353","page","type-page","status-publish","czr-hentry"],"_links":{"self":[{"href":"https:\/\/asv-sportfischer-leipzig.de\/index.php\/wp-json\/wp\/v2\/pages\/353","targetHints":{"allow":["GET"]}}],"collection":[{"href":"https:\/\/asv-sportfischer-leipzig.de\/index.php\/wp-json\/wp\/v2\/pages"}],"about":[{"href":"https:\/\/asv-sportfischer-leipzig.de\/index.php\/wp-json\/wp\/v2\/types\/page"}],"author":[{"embeddable":true,"href":"https:\/\/asv-sportfischer-leipzig.de\/index.php\/wp-json\/wp\/v2\/users\/1"}],"replies":[{"embeddable":true,"href":"https:\/\/asv-sportfischer-leipzig.de\/index.php\/wp-json\/wp\/v2\/comments?post=353"}],"version-history":[{"count":10,"href":"https:\/\/asv-sportfischer-leipzig.de\/index.php\/wp-json\/wp\/v2\/pages\/353\/revisions"}],"predecessor-version":[{"id":367,"href":"https:\/\/asv-sportfischer-leipzig.de\/index.php\/wp-json\/wp\/v2\/pages\/353\/revisions\/367"}],"wp:attachment":[{"href":"https:\/\/asv-sportfischer-leipzig.de\/index.php\/wp-json\/wp\/v2\/media?parent=353"}],"curies":[{"name":"wp","href":"https:\/\/api.w.org\/{rel}","templated":true}]}}